{"id":1770,"date":"2018-06-05T09:05:52","date_gmt":"2018-06-05T07:05:52","guid":{"rendered":"https:\/\/videeco.com\/?page_id=1770"},"modified":"2021-05-17T09:07:43","modified_gmt":"2021-05-17T07:07:43","slug":"filosofia","status":"publish","type":"page","link":"https:\/\/videeco.com\/it\/filosofia\/","title":{"rendered":"Filosofia"},"content":{"rendered":"\n<p><strong>Videeco<\/strong> \u00e8 una parola composta, da almeno altre tre parole molto importanti: <strong>visual<\/strong>, <strong>design<\/strong> e <strong>comunicazione<\/strong>. Ho poi scoperto in un secondo momento che Videeco contiene anche la parola <strong>idee<\/strong> e la parola <strong>eco<\/strong>. \u00c8 stato fin da subito chiaro che sarebbe in un certo qual modo diventata per me una parola magica dalla quale far cominciare ragionamenti e analisi.<\/p>\n\n\n\n<p class=\"has-text-align-left\">Di tutte queste parole che la compongono sicuramente idee \u00e8 finita per essere la pi\u00f9 importante, poich\u00e9 era gi\u00e0 l\u00ec nella punch line:<\/p>\n\n\n\n<blockquote class=\"wp-block-quote is-layout-flow wp-block-quote-is-layout-flow\"><p style=\"text-align: left;\"><em>&#8220;Ogni idea \u00e8 inutile se non puoi esprimerla&#8221;<\/em>.<\/p><\/blockquote>\n\n\n\n<p class=\"has-text-align-left\">Da qui nasce la mission del progetto, <strong>aiutare ad esprimere chi si rivolge a Videeco<\/strong>, nella maniera pi\u00f9 efficace e senza denaturare l&#8217;idea principale.<\/p>\n\n\n\n<p>La comunicazione \u00e8 l&#8217;argomento portante della cultura nel nostro secolo. Ho provato ad esplorarla in ogni aspetto e per quanto si possa diventare esperti di una particolare nicchia o moda, ci sar\u00e0 sempre un nuovo modo di esprimersi all&#8217;orizzonte che difficilmente poco prima potevamo immaginare. Le regole invece, i principi base, per <strong>una buona comunicazione<\/strong> rimangono sempre gli stessi, legati come sono alla nostra natura e storia evolutiva. E ci aiutano nel navigare anche il pi\u00f9 strano dei media.<\/p>\n\n\n\n<p>Questo \u00e8 quello che amo e questo \u00e8 quello che faccio, esplorare e sviluppare la comunicazione assieme ai miei clienti.<\/p>\n\n\n\n<p class=\"has-text-align-right\"><em>Niccolo&#8217;<\/em><\/p>\n\n\n\n<div class=\"wp-block-columns is-layout-flex wp-container-core-columns-is-layout-28f84493 wp-block-columns-is-layout-flex\">\n<div class=\"wp-block-column is-layout-flow wp-block-column-is-layout-flow\">\n<h3 class=\"wp-block-heading\">Visual<\/h3>\n\n\n\n<figure class=\"wp-block-image alignfull\"><a href=\"http:\/\/videeco.com\/wp-content\/uploads\/2015\/04\/la-ragazza-con-orecchino-di-perla.jpg\" target=\"_blank\" rel=\"noopener noreferrer nofollow\"><img decoding=\"async\" width=\"300\" height=\"95\" src=\"http:\/\/videeco.com\/wp-content\/uploads\/2015\/04\/la-ragazza-con-orecchino-di-perla-300x95.jpg\" alt=\"la-ragazza-con-orecchino-di-perla\" class=\"wp-image-1333\" srcset=\"https:\/\/videeco.com\/wp-content\/uploads\/2015\/04\/la-ragazza-con-orecchino-di-perla-300x95.jpg 300w, https:\/\/videeco.com\/wp-content\/uploads\/2015\/04\/la-ragazza-con-orecchino-di-perla.jpg 820w\" sizes=\"(max-width: 300px) 100vw, 300px\" \/><\/a><\/figure>\n\n\n\n<p>Perch\u00e9 la parte pi\u00f9 impattante della comunicazione \u00e8 sempre visiva, siamo fatti cos\u00ec, prima vediamo e poi pensiamo.<\/p>\n<\/div>\n\n\n\n<div class=\"wp-block-column is-layout-flow wp-block-column-is-layout-flow\">\n<h3 class=\"wp-block-heading\">Design<\/h3>\n\n\n\n<p>Chi non ama i piani ben riusciti? Avere una progettualit\u00e0 ti permette di fare analisi, di imparare e di prevedere gli ostacoli.<\/p>\n\n\n\n<figure class=\"wp-block-image alignfull\"><a href=\"http:\/\/videeco.com\/wp-content\/uploads\/2015\/04\/mare-di-nebbia.jpg\" target=\"_blank\" rel=\"noopener noreferrer nofollow\"><img decoding=\"async\" width=\"300\" height=\"95\" src=\"http:\/\/videeco.com\/wp-content\/uploads\/2015\/04\/mare-di-nebbia-300x95.jpg\" alt=\"mare-di-nebbia\" class=\"wp-image-1334\" srcset=\"https:\/\/videeco.com\/wp-content\/uploads\/2015\/04\/mare-di-nebbia-300x95.jpg 300w, https:\/\/videeco.com\/wp-content\/uploads\/2015\/04\/mare-di-nebbia.jpg 820w\" sizes=\"(max-width: 300px) 100vw, 300px\" \/><\/a><\/figure>\n<\/div>\n\n\n\n<div class=\"wp-block-column is-layout-flow wp-block-column-is-layout-flow\">\n<h3 class=\"wp-block-heading\">Communication<\/h3>\n\n\n\n<div class=\"wp-block-image\"><figure class=\"aligncenter\"><a href=\"http:\/\/videeco.com\/wp-content\/uploads\/2015\/04\/andy-warhol.jpg\" target=\"_blank\" rel=\"noopener noreferrer nofollow\"><img decoding=\"async\" width=\"300\" height=\"95\" src=\"http:\/\/videeco.com\/wp-content\/uploads\/2015\/04\/andy-warhol-300x95.jpg\" alt=\"andy-warhol\" class=\"wp-image-1332\" srcset=\"https:\/\/videeco.com\/wp-content\/uploads\/2015\/04\/andy-warhol-300x95.jpg 300w, https:\/\/videeco.com\/wp-content\/uploads\/2015\/04\/andy-warhol.jpg 820w\" sizes=\"(max-width: 300px) 100vw, 300px\" \/><\/a><\/figure><\/div>\n\n\n\n<p>La comunicazione arriva sempre in fondo, pensiamo prima di parlare anche se pensiamo molto in fretta. Cosa ne dici?<\/p>\n<\/div>\n<\/div>\n","protected":false},"excerpt":{"rendered":"<p>Videeco \u00e8 una parola composta, da almeno altre tre parole molto importanti: visual, design e comunicazione. Ho poi scoperto in [&hellip;]<\/p>\n","protected":false},"author":1,"featured_media":0,"parent":0,"menu_order":0,"comment_status":"closed","ping_status":"closed","template":"","meta":{"_acf_changed":false,"site-sidebar-layout":"default","site-content-layout":"default","ast-site-content-layout":"default","site-content-style":"default","site-sidebar-style":"default","ast-global-header-display":"","ast-banner-title-visibility":"","ast-main-header-display":"","ast-hfb-above-header-display":"","ast-hfb-below-header-display":"","ast-hfb-mobile-header-display":"","site-post-title":"","ast-breadcrumbs-content":"","ast-featured-img":"","footer-sml-layout":"","theme-transparent-header-meta":"default","adv-header-id-meta":"","stick-header-meta":"","header-above-stick-meta":"","header-main-stick-meta":"","header-below-stick-meta":"","astra-migrate-meta-layouts":"default","ast-page-background-enabled":"default","ast-page-background-meta":{"desktop":{"background-color":"","background-image":"","background-repeat":"repeat","background-position":"center center","background-size":"auto","background-attachment":"scroll","background-type":"","background-media":"","overlay-type":"","overlay-color":"","overlay-opacity":"","overlay-gradient":""},"tablet":{"background-color":"","background-image":"","background-repeat":"repeat","background-position":"center center","background-size":"auto","background-attachment":"scroll","background-type":"","background-media":"","overlay-type":"","overlay-color":"","overlay-opacity":"","overlay-gradient":""},"mobile":{"background-color":"","background-image":"","background-repeat":"repeat","background-position":"center center","background-size":"auto","background-attachment":"scroll","background-type":"","background-media":"","overlay-type":"","overlay-color":"","overlay-opacity":"","overlay-gradient":""}},"ast-content-background-meta":{"desktop":{"background-color":"var(--ast-global-color-5)","background-image":"","background-repeat":"repeat","background-position":"center center","background-size":"auto","background-attachment":"scroll","background-type":"","background-media":"","overlay-type":"","overlay-color":"","overlay-opacity":"","overlay-gradient":""},"tablet":{"background-color":"var(--ast-global-color-5)","background-image":"","background-repeat":"repeat","background-position":"center center","background-size":"auto","background-attachment":"scroll","background-type":"","background-media":"","overlay-type":"","overlay-color":"","overlay-opacity":"","overlay-gradient":""},"mobile":{"background-color":"var(--ast-global-color-5)","background-image":"","background-repeat":"repeat","background-position":"center center","background-size":"auto","background-attachment":"scroll","background-type":"","background-media":"","overlay-type":"","overlay-color":"","overlay-opacity":"","overlay-gradient":""}},"footnotes":""},"class_list":["post-1770","page","type-page","status-publish","hentry"],"acf":[],"yoast_head":"<!-- This site is optimized with the Yoast SEO plugin v26.1.1 - https:\/\/yoast.com\/wordpress\/plugins\/seo\/ -->\n<title>Filosofia - Videeco Design<\/title>\n<meta name=\"robots\" content=\"index, follow, max-snippet:-1, max-image-preview:large, max-video-preview:-1\" \/>\n<link rel=\"canonical\" href=\"https:\/\/videeco.com\/it\/filosofia\/\" \/>\n<meta property=\"og:locale\" content=\"it_IT\" \/>\n<meta property=\"og:type\" content=\"article\" \/>\n<meta property=\"og:title\" content=\"Filosofia - Videeco Design\" \/>\n<meta property=\"og:description\" content=\"Videeco \u00e8 una parola composta, da almeno altre tre parole molto importanti: visual, design e comunicazione. Ho poi scoperto in [&hellip;]\" \/>\n<meta property=\"og:url\" content=\"https:\/\/videeco.com\/it\/filosofia\/\" \/>\n<meta property=\"og:site_name\" content=\"Videeco Design\" \/>\n<meta property=\"article:publisher\" content=\"https:\/\/facebook.com\/videeco\" \/>\n<meta property=\"article:modified_time\" content=\"2021-05-17T07:07:43+00:00\" \/>\n<meta property=\"og:image\" content=\"http:\/\/videeco.com\/wp-content\/uploads\/2015\/04\/la-ragazza-con-orecchino-di-perla-300x95.jpg\" \/>\n<meta name=\"twitter:card\" content=\"summary_large_image\" \/>\n<meta name=\"twitter:label1\" content=\"Tempo di lettura stimato\" \/>\n\t<meta name=\"twitter:data1\" content=\"2 minuti\" \/>\n<script type=\"application\/ld+json\" class=\"yoast-schema-graph\">{\"@context\":\"https:\/\/schema.org\",\"@graph\":[{\"@type\":\"WebPage\",\"@id\":\"https:\/\/videeco.com\/it\/filosofia\/\",\"url\":\"https:\/\/videeco.com\/it\/filosofia\/\",\"name\":\"Filosofia - Videeco Design\",\"isPartOf\":{\"@id\":\"https:\/\/videeco.com\/it\/#website\"},\"primaryImageOfPage\":{\"@id\":\"https:\/\/videeco.com\/it\/filosofia\/#primaryimage\"},\"image\":{\"@id\":\"https:\/\/videeco.com\/it\/filosofia\/#primaryimage\"},\"thumbnailUrl\":\"http:\/\/videeco.com\/wp-content\/uploads\/2015\/04\/la-ragazza-con-orecchino-di-perla-300x95.jpg\",\"datePublished\":\"2018-06-05T07:05:52+00:00\",\"dateModified\":\"2021-05-17T07:07:43+00:00\",\"breadcrumb\":{\"@id\":\"https:\/\/videeco.com\/it\/filosofia\/#breadcrumb\"},\"inLanguage\":\"it-IT\",\"potentialAction\":[{\"@type\":\"ReadAction\",\"target\":[\"https:\/\/videeco.com\/it\/filosofia\/\"]}]},{\"@type\":\"ImageObject\",\"inLanguage\":\"it-IT\",\"@id\":\"https:\/\/videeco.com\/it\/filosofia\/#primaryimage\",\"url\":\"http:\/\/videeco.com\/wp-content\/uploads\/2015\/04\/la-ragazza-con-orecchino-di-perla-300x95.jpg\",\"contentUrl\":\"http:\/\/videeco.com\/wp-content\/uploads\/2015\/04\/la-ragazza-con-orecchino-di-perla-300x95.jpg\"},{\"@type\":\"BreadcrumbList\",\"@id\":\"https:\/\/videeco.com\/it\/filosofia\/#breadcrumb\",\"itemListElement\":[{\"@type\":\"ListItem\",\"position\":1,\"name\":\"Home\",\"item\":\"https:\/\/videeco.com\/\"},{\"@type\":\"ListItem\",\"position\":2,\"name\":\"Filosofia\"}]},{\"@type\":\"WebSite\",\"@id\":\"https:\/\/videeco.com\/it\/#website\",\"url\":\"https:\/\/videeco.com\/it\/\",\"name\":\"Videeco Design\",\"description\":\"Visual | Design | Communication\",\"publisher\":{\"@id\":\"https:\/\/videeco.com\/it\/#organization\"},\"potentialAction\":[{\"@type\":\"SearchAction\",\"target\":{\"@type\":\"EntryPoint\",\"urlTemplate\":\"https:\/\/videeco.com\/it\/?s={search_term_string}\"},\"query-input\":{\"@type\":\"PropertyValueSpecification\",\"valueRequired\":true,\"valueName\":\"search_term_string\"}}],\"inLanguage\":\"it-IT\"},{\"@type\":\"Organization\",\"@id\":\"https:\/\/videeco.com\/it\/#organization\",\"name\":\"Videeco Di Perazza Niccolo'\",\"url\":\"https:\/\/videeco.com\/it\/\",\"logo\":{\"@type\":\"ImageObject\",\"inLanguage\":\"it-IT\",\"@id\":\"https:\/\/videeco.com\/it\/#\/schema\/logo\/image\/\",\"url\":\"https:\/\/videeco.com\/wp-content\/uploads\/2021\/05\/logo.svg\",\"contentUrl\":\"https:\/\/videeco.com\/wp-content\/uploads\/2021\/05\/logo.svg\",\"caption\":\"Videeco Di Perazza Niccolo'\"},\"image\":{\"@id\":\"https:\/\/videeco.com\/it\/#\/schema\/logo\/image\/\"},\"sameAs\":[\"https:\/\/facebook.com\/videeco\"]}]}<\/script>\n<!-- \/ Yoast SEO plugin. -->","yoast_head_json":{"title":"Filosofia - Videeco Design","robots":{"index":"index","follow":"follow","max-snippet":"max-snippet:-1","max-image-preview":"max-image-preview:large","max-video-preview":"max-video-preview:-1"},"canonical":"https:\/\/videeco.com\/it\/filosofia\/","og_locale":"it_IT","og_type":"article","og_title":"Filosofia - Videeco Design","og_description":"Videeco \u00e8 una parola composta, da almeno altre tre parole molto importanti: visual, design e comunicazione. Ho poi scoperto in [&hellip;]","og_url":"https:\/\/videeco.com\/it\/filosofia\/","og_site_name":"Videeco Design","article_publisher":"https:\/\/facebook.com\/videeco","article_modified_time":"2021-05-17T07:07:43+00:00","og_image":[{"url":"http:\/\/videeco.com\/wp-content\/uploads\/2015\/04\/la-ragazza-con-orecchino-di-perla-300x95.jpg","type":"","width":"","height":""}],"twitter_card":"summary_large_image","twitter_misc":{"Tempo di lettura stimato":"2 minuti"},"schema":{"@context":"https:\/\/schema.org","@graph":[{"@type":"WebPage","@id":"https:\/\/videeco.com\/it\/filosofia\/","url":"https:\/\/videeco.com\/it\/filosofia\/","name":"Filosofia - Videeco Design","isPartOf":{"@id":"https:\/\/videeco.com\/it\/#website"},"primaryImageOfPage":{"@id":"https:\/\/videeco.com\/it\/filosofia\/#primaryimage"},"image":{"@id":"https:\/\/videeco.com\/it\/filosofia\/#primaryimage"},"thumbnailUrl":"http:\/\/videeco.com\/wp-content\/uploads\/2015\/04\/la-ragazza-con-orecchino-di-perla-300x95.jpg","datePublished":"2018-06-05T07:05:52+00:00","dateModified":"2021-05-17T07:07:43+00:00","breadcrumb":{"@id":"https:\/\/videeco.com\/it\/filosofia\/#breadcrumb"},"inLanguage":"it-IT","potentialAction":[{"@type":"ReadAction","target":["https:\/\/videeco.com\/it\/filosofia\/"]}]},{"@type":"ImageObject","inLanguage":"it-IT","@id":"https:\/\/videeco.com\/it\/filosofia\/#primaryimage","url":"http:\/\/videeco.com\/wp-content\/uploads\/2015\/04\/la-ragazza-con-orecchino-di-perla-300x95.jpg","contentUrl":"http:\/\/videeco.com\/wp-content\/uploads\/2015\/04\/la-ragazza-con-orecchino-di-perla-300x95.jpg"},{"@type":"BreadcrumbList","@id":"https:\/\/videeco.com\/it\/filosofia\/#breadcrumb","itemListElement":[{"@type":"ListItem","position":1,"name":"Home","item":"https:\/\/videeco.com\/"},{"@type":"ListItem","position":2,"name":"Filosofia"}]},{"@type":"WebSite","@id":"https:\/\/videeco.com\/it\/#website","url":"https:\/\/videeco.com\/it\/","name":"Videeco Design","description":"Visual | Design | Communication","publisher":{"@id":"https:\/\/videeco.com\/it\/#organization"},"potentialAction":[{"@type":"SearchAction","target":{"@type":"EntryPoint","urlTemplate":"https:\/\/videeco.com\/it\/?s={search_term_string}"},"query-input":{"@type":"PropertyValueSpecification","valueRequired":true,"valueName":"search_term_string"}}],"inLanguage":"it-IT"},{"@type":"Organization","@id":"https:\/\/videeco.com\/it\/#organization","name":"Videeco Di Perazza Niccolo'","url":"https:\/\/videeco.com\/it\/","logo":{"@type":"ImageObject","inLanguage":"it-IT","@id":"https:\/\/videeco.com\/it\/#\/schema\/logo\/image\/","url":"https:\/\/videeco.com\/wp-content\/uploads\/2021\/05\/logo.svg","contentUrl":"https:\/\/videeco.com\/wp-content\/uploads\/2021\/05\/logo.svg","caption":"Videeco Di Perazza Niccolo'"},"image":{"@id":"https:\/\/videeco.com\/it\/#\/schema\/logo\/image\/"},"sameAs":["https:\/\/facebook.com\/videeco"]}]}},"_links":{"self":[{"href":"https:\/\/videeco.com\/it\/wp-json\/wp\/v2\/pages\/1770","targetHints":{"allow":["GET"]}}],"collection":[{"href":"https:\/\/videeco.com\/it\/wp-json\/wp\/v2\/pages"}],"about":[{"href":"https:\/\/videeco.com\/it\/wp-json\/wp\/v2\/types\/page"}],"author":[{"embeddable":true,"href":"https:\/\/videeco.com\/it\/wp-json\/wp\/v2\/users\/1"}],"replies":[{"embeddable":true,"href":"https:\/\/videeco.com\/it\/wp-json\/wp\/v2\/comments?post=1770"}],"version-history":[{"count":5,"href":"https:\/\/videeco.com\/it\/wp-json\/wp\/v2\/pages\/1770\/revisions"}],"predecessor-version":[{"id":2521,"href":"https:\/\/videeco.com\/it\/wp-json\/wp\/v2\/pages\/1770\/revisions\/2521"}],"wp:attachment":[{"href":"https:\/\/videeco.com\/it\/wp-json\/wp\/v2\/media?parent=1770"}],"curies":[{"name":"wp","href":"https:\/\/api.w.org\/{rel}","templated":true}]}}