{"id":1803,"date":"2018-06-05T16:08:25","date_gmt":"2018-06-05T14:08:25","guid":{"rendered":"https:\/\/videeco.com\/?page_id=1803"},"modified":"2026-04-13T10:04:44","modified_gmt":"2026-04-13T08:04:44","slug":"metodo-di-lavoro-informativa-e-costi","status":"publish","type":"page","link":"https:\/\/videeco.com\/it\/metodo-di-lavoro-informativa-e-costi\/","title":{"rendered":"Metodo di lavoro, informativa e costi"},"content":{"rendered":"\n<h2 class=\"wp-block-heading\">Informativa<\/h2>\n\n\n\n<p>In questo documento per brevit\u00e0 ci si riferisce a Videeco di Perazza Niccol\u00f2 come Videeco.<\/p>\n\n\n\n<h3 class=\"wp-block-heading\"><strong>Fatturazione<\/strong><\/h3>\n\n\n\n<p>Videeco di Perazza Niccol\u00f2 aderisce al regime forfettario, per questa ragione emette fatture esenti IVA. Prima del pagamento verrete notificati da un proforma, a pagamento incassato nei 5 giorni successivi emetteremo e vi consegneremo fattura.<\/p>\n\n\n\n<h3 class=\"wp-block-heading\"><strong>Pagamenti<\/strong><\/h3>\n\n\n\n<p>I pagamenti vanno effettuati alla data di consegna del lavoro. Il 30% di anticipo \u00e8 richiesto ad inizio lavori. I pagamenti possono essere saldati via contanti, stripe, bonifico e assegno.<\/p>\n\n\n\n<p>Il mancato pagamento determina la conclusione di qualsiasi accordo in essere.<\/p>\n\n\n\n<h3 class=\"wp-block-heading\"><strong>Tempistiche<\/strong><\/h3>\n\n\n\n<p>Al fine di offrire il miglior servizio possibile Videeco l\u2019avviso di richiesta di intervento va fatto almeno due giorni lavorativi prima della data in cui si ha bisogno della consegna. Va tenuto conto inoltre della mole del lavoro necessario, oltre alle 4 ore di lavoro un preavviso maggiore \u00e8 consigliato. Videeco di Perazza Niccol\u00f2 cercher\u00e0 sempre quando possibile di dare una risposta tempestiva alle vostre esigenze.<\/p>\n\n\n\n<h3 class=\"wp-block-heading\"><strong>Ritardi<\/strong><\/h3>\n\n\n\n<p>Videeco di Perazza Niccol\u00f2 in caso di ritardi superiori ai 30 giorni da parte del cliente pu\u00f2 richiedere l\u2019annullamento del contratto e non si assume responsabilit\u00e0 sulle tempistiche di consegna.<\/p>\n\n\n\n<h3 class=\"wp-block-heading\"><strong>Assistenza<\/strong><\/h3>\n\n\n\n<p>Videeco di Perazza Niccol\u00f2 si rende disponibile ad effettuare assistenza sui servizi erogati, ogni richiesta sar\u00e0 considerata ufficiale solo quando comunicata alla mail <a href=\"mailto:info@videeco.com\">info@videeco.com<\/a>. Whatsapp e altre applicazioni di messaggistica sono utilizzate, ma non sono considerati mezzi di comunicazioni prioritari.<\/p>\n\n\n\n<h3 class=\"wp-block-heading\"><strong>Formazione<\/strong><\/h3>\n\n\n\n<p>Videeco di Perazza Niccol\u00f2 non presuppone che il committente sia formato nell\u2019utilizzo autonomo degli strumenti realizzati e forniti, si rende disponibile ad attivit\u00e0 di formazione via locale o remoto tramite video\/shared desk.<\/p>\n\n\n\n<h3 class=\"wp-block-heading\"><strong>Costo orario<\/strong><\/h3>\n\n\n\n<p>Il costo orario di intervento da parte di Videeco \u00e8 di 35\u20ac\/ora, viene applicato in <strong>assenza di preventivo<\/strong> o precedenti accordi.<\/p>\n\n\n\n<h3 class=\"wp-block-heading\"><strong>Trasferte per assistenza e consulenza<\/strong><\/h3>\n\n\n\n<p>Ogni costo di trasferta verr\u00e0 documentato e accreditato al cliente. l costi di ogni ora di trasferta \u00e8 10\u20ac. I costi di trasferta non si applicano alle visite commerciali.<\/p>\n\n\n\n<h3 class=\"wp-block-heading\"><strong>Rinnovi di hosting e di dominio<\/strong><\/h3>\n\n\n\n<p>Videeco di Perazza Niccol\u00f2 pu\u00f2 essere incaricata del rinnovo del dominio da parte del cliente. Videeco in caso di incarico avviser\u00e0 il cliente prima della scadenza via email, il cliente dovr\u00e0 fornire una mail che sia da esso controllata regolarmente. Il dominio scaduto e il relativo hosting potrebbero essere cancellati, indipendentemente dalle azioni intraprese, a seconda delle policy del servizio scelto in fase di acquisto. In caso di assenza di incarico Videeco non pu\u00f2 essere considerata responsabile di qualsiasi perdita di dati.<\/p>\n\n\n\n<p><em>In nessun caso Videeco anticiper\u00e0 la spesa per il rinnovo del dominio e hosting stesso.<\/em><\/p>\n\n\n\n<h3 class=\"wp-block-heading\"><strong>Privacy<\/strong><\/h3>\n\n\n\n<p>Videeco di Perazza Niccol\u00f2 <strong>non condivider\u00e0 le vostre informazioni private, particolari e personali<\/strong>, tuttavia le conserver\u00e0 presso servizi informatici esterni (cloud) che saranno selezionati per sicurezza e per aderenza alla normativa GDPR. E\u2019 possibile richiedere la cancellazione dei propri dati dai nostri sistemi mediante comunicazione alla mail <a href=\"mailto:info@videeco.com\">info@videeco.com<\/a>.<\/p>\n\n\n\n<p>Il cliente di Videeco a sua volta, si impegna a <strong>non condividere le comunicazioni, il materiale, le licenze e la propriet\u00e0 intellettuale di Videeco<\/strong> con entit\u00e0 terze senza un precedente permesso da parte dell\u2019azienda stessa.<\/p>\n\n\n\n<h3 class=\"wp-block-heading\"><strong>GDPR e Cookie Policy<\/strong><\/h3>\n\n\n\n<p>L\u2019adesione e l\u2019adeguamento alla normativa sulla privacy e GDPR, e ogni altro adempimento legislativo quale ad esempio la cookie policy, \u00e8 responsabilit\u00e0 del titolare del trattamento, a meno che non venga effettuata e retribuita una particolare richiesta in merito assegnando un incarico specifico.<\/p>\n\n\n\n<p>Videeco si impegna a trattare i dati acquisiti dal committente solo se necessario, con misure di sicurezza adeguate e secondo i principi stabiliti dalla GDPR. Videeco specifica che il ruolo ricoperto non prevede l&#8217;elaborazione dei dati, che non svolge per terzi attivit\u00e0 di gestione, organizzazione e amministrative, ma la definizione del programma e delle regole con cui i dati vengono elaborati e che a questo fine si avvale dell&#8217;utilizzo di dataset fittizi.<\/p>\n\n\n\n<p>In nessun caso Videeco pu\u00f2 essere ritenuta responsabile del materiale e documentazione prodotti o modificati da altri.<\/p>\n\n\n\n<p><em>Ricordiamo che i siti devono sempre mostrare contatti riconducibili alla propriet\u00e0 in modo visibile e in caso si tratti un\u2019azienda della partita IVA e domicilio fiscale.<\/em><\/p>\n\n\n\n<h3 class=\"wp-block-heading\"><strong>Intelligenza Artificiale<\/strong><\/h3>\n\n\n\n<p>Videeco di Perazza Niccol\u00f2 <strong>fa utilizzo di sistemi di intelligenza artificiale<\/strong> sempre supervisionati dall\u2019operatore per elaborare dati e codice nel rispetto degli NDA e del codice deontologico professionale.<\/p>\n\n\n\n<h1 class=\"wp-block-heading\">&nbsp;<\/h1>\n\n\n\n<h2 class=\"wp-block-heading\">Responsabilit\u00e0<\/h2>\n\n\n\n<h3 class=\"wp-block-heading\"><strong>I contenuti inseriti sul sito internet<\/strong><\/h3>\n\n\n\n<p>Videeco di Perazza Niccol\u00f2 non \u00e8 responsabile del contenuto inserito nel sito <strong>su richiesta del committente<\/strong>, neppure quando questo \u00e8 da essa rielaborato e modificato. La responsabilit\u00e0 \u00e8 sempre del titolare del sito, nella persona fisica o giuridica registrante il dominio o indicata nell\u2019apposita sezione del sito.<\/p>\n\n\n\n<h3 class=\"wp-block-heading\"><strong>Modifiche di siti online<\/strong><\/h3>\n\n\n\n<p>Videeco di Perazza Niccol\u00f2 non \u00e8 responsabile di eventuali malfunzionamenti tecnici in seguito a modifiche effettuate su <strong>siti in produzione<\/strong>.&nbsp;<\/p>\n\n\n\n<p>Il committente <strong>ordinando la modifica del sito live si assume la responsabilit\u00e0 dell\u2019operato svolto<\/strong> e le conseguenze che le modifiche portano.<\/p>\n\n\n\n<p>In caso di modifica sostanziale del sito da parte di altri rispetto a Videeco il cliente deve rimuovere ogni riferimento a Videeco sul sito.<\/p>\n\n\n\n<p>In caso di modifica del sito da parte di altri rispetto a Videeco si declina ogni responsabilit\u00e0 su futuri malfunzionamenti e questa interrompe ogni contratto di assistenza in essere.<\/p>\n\n\n\n<p><em>Si consiglia di apportare le modifiche sempre su un ambiente di test. <\/em><strong><em>Si consiglia sempre di avvalersi di un piano di backup con restore granulare.<\/em><\/strong><\/p>\n\n\n\n<h3 class=\"wp-block-heading\"><strong>Aggiornamenti e incompatibilit\u00e0<\/strong><\/h3>\n\n\n\n<p>Videeco di Perazza Niccol\u00f2 non \u00e8 responsabile di eventuali malfunzionamenti avvenuti in seguito ad aggiornamenti eseguiti da utenza non autorizzata.&nbsp;<\/p>\n\n\n\n<p><em><em>Si consiglia di apportare le modifiche sempre su un ambiente di test. <\/em><strong><em>Si consiglia sempre di avvalersi di un piano di backup con restore granulare.<\/em><\/strong><\/em><\/p>\n\n\n\n<h3 class=\"wp-block-heading\"><strong>Copie di sicurezza e server<\/strong><\/h3>\n\n\n\n<p>Salvo diversi accordi e incarichi, Videeco di Perazza Niccol\u00f2 non \u00e8 responsabile di perdite di dati, si presuppone che il committente effettui e verifichi regolarmente lo stato delle copie di sicurezza effettuate sui servizi che acquista o affitta. Quando Videeco di Perazza Niccol\u00f2 non \u00e8 il provider del servizio internet sul quale il sito \u00e8 registrato, non pu\u00f2 essere imputabile di un suo guasto.&nbsp;<\/p>\n\n\n\n<p><em>Videeco di Perazza Niccol\u00f2 generalmente opera con questa metodologia, il committente lo incarica di acquistare un servizio, il servizio viene selezionato ed acquistato da Videeco la quale far\u00e0 pagare al cliente costi e consulenza.<\/em><strong><em><br><\/em><\/strong><\/p>\n","protected":false},"excerpt":{"rendered":"<p>Informativa In questo documento per brevit\u00e0 ci si riferisce a Videeco di Perazza Niccol\u00f2 come Videeco. Fatturazione Videeco di Perazza [&hellip;]<\/p>\n","protected":false},"author":1,"featured_media":0,"parent":0,"menu_order":0,"comment_status":"closed","ping_status":"closed","template":"","meta":{"_acf_changed":false,"site-sidebar-layout":"default","site-content-layout":"default","ast-site-content-layout":"default","site-content-style":"default","site-sidebar-style":"default","ast-global-header-display":"","ast-banner-title-visibility":"","ast-main-header-display":"","ast-hfb-above-header-display":"","ast-hfb-below-header-display":"","ast-hfb-mobile-header-display":"","site-post-title":"","ast-breadcrumbs-content":"","ast-featured-img":"","footer-sml-layout":"","theme-transparent-header-meta":"default","adv-header-id-meta":"","stick-header-meta":"","header-above-stick-meta":"","header-main-stick-meta":"","header-below-stick-meta":"","astra-migrate-meta-layouts":"set","ast-page-background-enabled":"default","ast-page-background-meta":{"desktop":{"background-color":"","background-image":"","background-repeat":"repeat","background-position":"center center","background-size":"auto","background-attachment":"scroll","background-type":"","background-media":"","overlay-type":"","overlay-color":"","overlay-opacity":"","overlay-gradient":""},"tablet":{"background-color":"","background-image":"","background-repeat":"repeat","background-position":"center center","background-size":"auto","background-attachment":"scroll","background-type":"","background-media":"","overlay-type":"","overlay-color":"","overlay-opacity":"","overlay-gradient":""},"mobile":{"background-color":"","background-image":"","background-repeat":"repeat","background-position":"center center","background-size":"auto","background-attachment":"scroll","background-type":"","background-media":"","overlay-type":"","overlay-color":"","overlay-opacity":"","overlay-gradient":""}},"ast-content-background-meta":{"desktop":{"background-color":"var(--ast-global-color-5)","background-image":"","background-repeat":"repeat","background-position":"center center","background-size":"auto","background-attachment":"scroll","background-type":"","background-media":"","overlay-type":"","overlay-color":"","overlay-opacity":"","overlay-gradient":""},"tablet":{"background-color":"var(--ast-global-color-5)","background-image":"","background-repeat":"repeat","background-position":"center center","background-size":"auto","background-attachment":"scroll","background-type":"","background-media":"","overlay-type":"","overlay-color":"","overlay-opacity":"","overlay-gradient":""},"mobile":{"background-color":"var(--ast-global-color-5)","background-image":"","background-repeat":"repeat","background-position":"center center","background-size":"auto","background-attachment":"scroll","background-type":"","background-media":"","overlay-type":"","overlay-color":"","overlay-opacity":"","overlay-gradient":""}},"footnotes":""},"class_list":["post-1803","page","type-page","status-publish","hentry"],"acf":[],"yoast_head":"<!-- This site is optimized with the Yoast SEO plugin v26.1.1 - https:\/\/yoast.com\/wordpress\/plugins\/seo\/ -->\n<title>Metodo di lavoro, informativa e costi - Videeco Design<\/title>\n<meta name=\"robots\" content=\"index, follow, max-snippet:-1, max-image-preview:large, max-video-preview:-1\" \/>\n<link rel=\"canonical\" href=\"https:\/\/videeco.com\/it\/metodo-di-lavoro-informativa-e-costi\/\" \/>\n<meta property=\"og:locale\" content=\"it_IT\" \/>\n<meta property=\"og:type\" content=\"article\" \/>\n<meta property=\"og:title\" content=\"Metodo di lavoro, informativa e costi - Videeco Design\" \/>\n<meta property=\"og:description\" content=\"Informativa In questo documento per brevit\u00e0 ci si riferisce a Videeco di Perazza Niccol\u00f2 come Videeco. Fatturazione Videeco di Perazza [&hellip;]\" \/>\n<meta property=\"og:url\" content=\"https:\/\/videeco.com\/it\/metodo-di-lavoro-informativa-e-costi\/\" \/>\n<meta property=\"og:site_name\" content=\"Videeco Design\" \/>\n<meta property=\"article:publisher\" content=\"https:\/\/facebook.com\/videeco\" \/>\n<meta property=\"article:modified_time\" content=\"2026-04-13T08:04:44+00:00\" \/>\n<meta property=\"og:image\" content=\"https:\/\/videeco.com\/wp-content\/uploads\/2015\/04\/videeco.jpg\" \/>\n\t<meta property=\"og:image:width\" content=\"180\" \/>\n\t<meta property=\"og:image:height\" content=\"180\" \/>\n\t<meta property=\"og:image:type\" content=\"image\/jpeg\" \/>\n<meta name=\"twitter:card\" content=\"summary_large_image\" \/>\n<meta name=\"twitter:label1\" content=\"Tempo di lettura stimato\" \/>\n\t<meta name=\"twitter:data1\" content=\"5 minuti\" \/>\n<script type=\"application\/ld+json\" class=\"yoast-schema-graph\">{\"@context\":\"https:\/\/schema.org\",\"@graph\":[{\"@type\":\"WebPage\",\"@id\":\"https:\/\/videeco.com\/it\/metodo-di-lavoro-informativa-e-costi\/\",\"url\":\"https:\/\/videeco.com\/it\/metodo-di-lavoro-informativa-e-costi\/\",\"name\":\"Metodo di lavoro, informativa e costi - Videeco Design\",\"isPartOf\":{\"@id\":\"https:\/\/videeco.com\/it\/#website\"},\"datePublished\":\"2018-06-05T14:08:25+00:00\",\"dateModified\":\"2026-04-13T08:04:44+00:00\",\"breadcrumb\":{\"@id\":\"https:\/\/videeco.com\/it\/metodo-di-lavoro-informativa-e-costi\/#breadcrumb\"},\"inLanguage\":\"it-IT\",\"potentialAction\":[{\"@type\":\"ReadAction\",\"target\":[\"https:\/\/videeco.com\/it\/metodo-di-lavoro-informativa-e-costi\/\"]}]},{\"@type\":\"BreadcrumbList\",\"@id\":\"https:\/\/videeco.com\/it\/metodo-di-lavoro-informativa-e-costi\/#breadcrumb\",\"itemListElement\":[{\"@type\":\"ListItem\",\"position\":1,\"name\":\"Home\",\"item\":\"https:\/\/videeco.com\/\"},{\"@type\":\"ListItem\",\"position\":2,\"name\":\"Metodo di lavoro, informativa e costi\"}]},{\"@type\":\"WebSite\",\"@id\":\"https:\/\/videeco.com\/it\/#website\",\"url\":\"https:\/\/videeco.com\/it\/\",\"name\":\"Videeco Design\",\"description\":\"Visual | Design | Communication\",\"publisher\":{\"@id\":\"https:\/\/videeco.com\/it\/#organization\"},\"potentialAction\":[{\"@type\":\"SearchAction\",\"target\":{\"@type\":\"EntryPoint\",\"urlTemplate\":\"https:\/\/videeco.com\/it\/?s={search_term_string}\"},\"query-input\":{\"@type\":\"PropertyValueSpecification\",\"valueRequired\":true,\"valueName\":\"search_term_string\"}}],\"inLanguage\":\"it-IT\"},{\"@type\":\"Organization\",\"@id\":\"https:\/\/videeco.com\/it\/#organization\",\"name\":\"Videeco Di Perazza Niccolo'\",\"url\":\"https:\/\/videeco.com\/it\/\",\"logo\":{\"@type\":\"ImageObject\",\"inLanguage\":\"it-IT\",\"@id\":\"https:\/\/videeco.com\/it\/#\/schema\/logo\/image\/\",\"url\":\"https:\/\/videeco.com\/wp-content\/uploads\/2021\/05\/logo.svg\",\"contentUrl\":\"https:\/\/videeco.com\/wp-content\/uploads\/2021\/05\/logo.svg\",\"caption\":\"Videeco Di Perazza Niccolo'\"},\"image\":{\"@id\":\"https:\/\/videeco.com\/it\/#\/schema\/logo\/image\/\"},\"sameAs\":[\"https:\/\/facebook.com\/videeco\"]}]}<\/script>\n<!-- \/ Yoast SEO plugin. -->","yoast_head_json":{"title":"Metodo di lavoro, informativa e costi - Videeco Design","robots":{"index":"index","follow":"follow","max-snippet":"max-snippet:-1","max-image-preview":"max-image-preview:large","max-video-preview":"max-video-preview:-1"},"canonical":"https:\/\/videeco.com\/it\/metodo-di-lavoro-informativa-e-costi\/","og_locale":"it_IT","og_type":"article","og_title":"Metodo di lavoro, informativa e costi - Videeco Design","og_description":"Informativa In questo documento per brevit\u00e0 ci si riferisce a Videeco di Perazza Niccol\u00f2 come Videeco. Fatturazione Videeco di Perazza [&hellip;]","og_url":"https:\/\/videeco.com\/it\/metodo-di-lavoro-informativa-e-costi\/","og_site_name":"Videeco Design","article_publisher":"https:\/\/facebook.com\/videeco","article_modified_time":"2026-04-13T08:04:44+00:00","og_image":[{"width":180,"height":180,"url":"https:\/\/videeco.com\/wp-content\/uploads\/2015\/04\/videeco.jpg","type":"image\/jpeg"}],"twitter_card":"summary_large_image","twitter_misc":{"Tempo di lettura stimato":"5 minuti"},"schema":{"@context":"https:\/\/schema.org","@graph":[{"@type":"WebPage","@id":"https:\/\/videeco.com\/it\/metodo-di-lavoro-informativa-e-costi\/","url":"https:\/\/videeco.com\/it\/metodo-di-lavoro-informativa-e-costi\/","name":"Metodo di lavoro, informativa e costi - Videeco Design","isPartOf":{"@id":"https:\/\/videeco.com\/it\/#website"},"datePublished":"2018-06-05T14:08:25+00:00","dateModified":"2026-04-13T08:04:44+00:00","breadcrumb":{"@id":"https:\/\/videeco.com\/it\/metodo-di-lavoro-informativa-e-costi\/#breadcrumb"},"inLanguage":"it-IT","potentialAction":[{"@type":"ReadAction","target":["https:\/\/videeco.com\/it\/metodo-di-lavoro-informativa-e-costi\/"]}]},{"@type":"BreadcrumbList","@id":"https:\/\/videeco.com\/it\/metodo-di-lavoro-informativa-e-costi\/#breadcrumb","itemListElement":[{"@type":"ListItem","position":1,"name":"Home","item":"https:\/\/videeco.com\/"},{"@type":"ListItem","position":2,"name":"Metodo di lavoro, informativa e costi"}]},{"@type":"WebSite","@id":"https:\/\/videeco.com\/it\/#website","url":"https:\/\/videeco.com\/it\/","name":"Videeco Design","description":"Visual | Design | Communication","publisher":{"@id":"https:\/\/videeco.com\/it\/#organization"},"potentialAction":[{"@type":"SearchAction","target":{"@type":"EntryPoint","urlTemplate":"https:\/\/videeco.com\/it\/?s={search_term_string}"},"query-input":{"@type":"PropertyValueSpecification","valueRequired":true,"valueName":"search_term_string"}}],"inLanguage":"it-IT"},{"@type":"Organization","@id":"https:\/\/videeco.com\/it\/#organization","name":"Videeco Di Perazza Niccolo'","url":"https:\/\/videeco.com\/it\/","logo":{"@type":"ImageObject","inLanguage":"it-IT","@id":"https:\/\/videeco.com\/it\/#\/schema\/logo\/image\/","url":"https:\/\/videeco.com\/wp-content\/uploads\/2021\/05\/logo.svg","contentUrl":"https:\/\/videeco.com\/wp-content\/uploads\/2021\/05\/logo.svg","caption":"Videeco Di Perazza Niccolo'"},"image":{"@id":"https:\/\/videeco.com\/it\/#\/schema\/logo\/image\/"},"sameAs":["https:\/\/facebook.com\/videeco"]}]}},"_links":{"self":[{"href":"https:\/\/videeco.com\/it\/wp-json\/wp\/v2\/pages\/1803","targetHints":{"allow":["GET"]}}],"collection":[{"href":"https:\/\/videeco.com\/it\/wp-json\/wp\/v2\/pages"}],"about":[{"href":"https:\/\/videeco.com\/it\/wp-json\/wp\/v2\/types\/page"}],"author":[{"embeddable":true,"href":"https:\/\/videeco.com\/it\/wp-json\/wp\/v2\/users\/1"}],"replies":[{"embeddable":true,"href":"https:\/\/videeco.com\/it\/wp-json\/wp\/v2\/comments?post=1803"}],"version-history":[{"count":9,"href":"https:\/\/videeco.com\/it\/wp-json\/wp\/v2\/pages\/1803\/revisions"}],"predecessor-version":[{"id":3164,"href":"https:\/\/videeco.com\/it\/wp-json\/wp\/v2\/pages\/1803\/revisions\/3164"}],"wp:attachment":[{"href":"https:\/\/videeco.com\/it\/wp-json\/wp\/v2\/media?parent=1803"}],"curies":[{"name":"wp","href":"https:\/\/api.w.org\/{rel}","templated":true}]}}