{"id":1918,"date":"2018-12-10T09:16:57","date_gmt":"2018-12-10T08:16:57","guid":{"rendered":"https:\/\/videeco.com\/?page_id=1918"},"modified":"2026-01-09T13:26:54","modified_gmt":"2026-01-09T12:26:54","slug":"hosting-base","status":"publish","type":"page","link":"https:\/\/videeco.com\/it\/hosting-base\/","title":{"rendered":"Hosting"},"content":{"rendered":"\n<figure class=\"wp-block-image aligncenter size-full\"><img fetchpriority=\"high\" decoding=\"async\" width=\"1024\" height=\"768\" src=\"https:\/\/videeco.com\/wp-content\/uploads\/2026\/01\/Hosting-Videeco.jpg\" alt=\"\" class=\"wp-image-3155\" srcset=\"https:\/\/videeco.com\/wp-content\/uploads\/2026\/01\/Hosting-Videeco.jpg 1024w, https:\/\/videeco.com\/wp-content\/uploads\/2026\/01\/Hosting-Videeco-300x225.jpg 300w, https:\/\/videeco.com\/wp-content\/uploads\/2026\/01\/Hosting-Videeco-768x576.jpg 768w\" sizes=\"(max-width: 1024px) 100vw, 1024px\" \/><\/figure>\n\n\n\n<div style=\"height:44px\" aria-hidden=\"true\" class=\"wp-block-spacer\"><\/div>\n\n\n\n<h2 class=\"wp-block-heading\"><strong>Termini e condizioni:<\/strong><\/h2>\n\n\n\n<p><em>Ricordiamo qui i Termini e Condizioni che si vanno a sottoscrivere accettando il servizio, le stesse sono incluse anche nel proforma:<\/em><\/p>\n\n\n\n<ul class=\"wp-block-list\">\n<li>Videeco di Perazza Niccol\u00f2 si occupa di rinnovare il dominio e l&#8217;hosting presso il quale risiede il vostro sito e il vostro servizio email. Hosting e dominio vengono rinnovati annualmente.<\/li>\n\n\n\n<li>Videeco di Perazza Niccol\u00f2 non anticiper\u00e0 il pagamento<\/li>\n\n\n\n<li>In caso di dominio lasciato scadere il dominio verr\u00e0 messo per 30 giorni in &#8220;redemption period&#8221;<\/li>\n\n\n\n<li>Il recupero del dominio dal periodo di redemption costa 90\u20ac + IVA<\/li>\n\n\n\n<li>Videeco di Perazza Niccol\u00f2 non \u00e8 responsabile del contenuto del vostro sito e dell&#8217;integrit\u00e0 dei dati sul server.<\/li>\n\n\n\n<li>Si possono richiedere le credenziali per accedere alla gestione del proprio servizio Hosting in qualsiasi momento a info@videeco.com.<\/li>\n\n\n\n<li>Il servizio \u00e8 soggetto ad un backup giornaliero (3 giorni, no files dinamici es. database) al quale \u00e8 possibile accedere su specifica richiesta alla mail info@videeco.com in caso di necessit\u00e0.<\/li>\n\n\n\n<li>Il recupero pu\u00f2 essere soggetto a costi addizionali dovuti alla mano d&#8217;opera.<\/li>\n\n\n\n<li>Altre impostazioni di Backup sono raccomandate.<\/li>\n\n\n\n<li>L&#8217;assistenza tecnica non \u00e8 inclusa nel servizio. In caso di richieste diverse dai punti precedenti Videeco di Perazza Niccol\u00f2 pu\u00f2 applicare dei costi su base oraria (35\u20ac\/ora).<\/li>\n\n\n\n<li>Qualsiasi richiesta non effettuata tramite una mail a info@videeco.com non \u00e8 considerata ufficiale.<\/li>\n\n\n\n<li>Verr\u00e0 inviata una relativa fattura in seguito alla ricezione del pagamento.<\/li>\n<\/ul>\n\n\n\n<p>In caso il dominio e il suo hosting non vengano saldati entro i tempi stabiliti il servizio verr\u00e0 disattivato, in mancanza di una notifica da parte vostra i vostri dati verranno cancellati.<br>In caso desideriate non rinnovare il servizio con Videeco ma con terzi basta richiederlo rispondendo a questa mail. Il dominio verr\u00e0 lasciato decadere e su richiesta vostra potrete avere l&#8217;authcode per il trasferimento presso altri.<\/p>\n","protected":false},"excerpt":{"rendered":"<p>Termini e condizioni: Ricordiamo qui i Termini e Condizioni che si vanno a sottoscrivere accettando il servizio, le stesse sono [&hellip;]<\/p>\n","protected":false},"author":1,"featured_media":0,"parent":0,"menu_order":0,"comment_status":"closed","ping_status":"closed","template":"","meta":{"_acf_changed":false,"site-sidebar-layout":"default","site-content-layout":"default","ast-site-content-layout":"default","site-content-style":"default","site-sidebar-style":"default","ast-global-header-display":"","ast-banner-title-visibility":"","ast-main-header-display":"","ast-hfb-above-header-display":"","ast-hfb-below-header-display":"","ast-hfb-mobile-header-display":"","site-post-title":"disabled","ast-breadcrumbs-content":"","ast-featured-img":"","footer-sml-layout":"","theme-transparent-header-meta":"default","adv-header-id-meta":"","stick-header-meta":"","header-above-stick-meta":"","header-main-stick-meta":"","header-below-stick-meta":"","astra-migrate-meta-layouts":"set","ast-page-background-enabled":"default","ast-page-background-meta":{"desktop":{"background-color":"","background-image":"","background-repeat":"repeat","background-position":"center center","background-size":"auto","background-attachment":"scroll","background-type":"","background-media":"","overlay-type":"","overlay-color":"","overlay-opacity":"","overlay-gradient":""},"tablet":{"background-color":"","background-image":"","background-repeat":"repeat","background-position":"center center","background-size":"auto","background-attachment":"scroll","background-type":"","background-media":"","overlay-type":"","overlay-color":"","overlay-opacity":"","overlay-gradient":""},"mobile":{"background-color":"","background-image":"","background-repeat":"repeat","background-position":"center center","background-size":"auto","background-attachment":"scroll","background-type":"","background-media":"","overlay-type":"","overlay-color":"","overlay-opacity":"","overlay-gradient":""}},"ast-content-background-meta":{"desktop":{"background-color":"var(--ast-global-color-5)","background-image":"","background-repeat":"repeat","background-position":"center center","background-size":"auto","background-attachment":"scroll","background-type":"","background-media":"","overlay-type":"","overlay-color":"","overlay-opacity":"","overlay-gradient":""},"tablet":{"background-color":"var(--ast-global-color-5)","background-image":"","background-repeat":"repeat","background-position":"center center","background-size":"auto","background-attachment":"scroll","background-type":"","background-media":"","overlay-type":"","overlay-color":"","overlay-opacity":"","overlay-gradient":""},"mobile":{"background-color":"var(--ast-global-color-5)","background-image":"","background-repeat":"repeat","background-position":"center center","background-size":"auto","background-attachment":"scroll","background-type":"","background-media":"","overlay-type":"","overlay-color":"","overlay-opacity":"","overlay-gradient":""}},"footnotes":""},"class_list":["post-1918","page","type-page","status-publish","hentry"],"acf":[],"yoast_head":"<!-- This site is optimized with the Yoast SEO plugin v26.1.1 - https:\/\/yoast.com\/wordpress\/plugins\/seo\/ -->\n<title>Hosting - Videeco Design<\/title>\n<meta name=\"robots\" content=\"index, follow, max-snippet:-1, max-image-preview:large, max-video-preview:-1\" \/>\n<link rel=\"canonical\" href=\"https:\/\/videeco.com\/it\/hosting-base\/\" \/>\n<meta property=\"og:locale\" content=\"it_IT\" \/>\n<meta property=\"og:type\" content=\"article\" \/>\n<meta property=\"og:title\" content=\"Hosting - Videeco Design\" \/>\n<meta property=\"og:description\" content=\"Termini e condizioni: Ricordiamo qui i Termini e Condizioni che si vanno a sottoscrivere accettando il servizio, le stesse sono [&hellip;]\" \/>\n<meta property=\"og:url\" content=\"https:\/\/videeco.com\/it\/hosting-base\/\" \/>\n<meta property=\"og:site_name\" content=\"Videeco Design\" \/>\n<meta property=\"article:publisher\" content=\"https:\/\/facebook.com\/videeco\" \/>\n<meta property=\"article:modified_time\" content=\"2026-01-09T12:26:54+00:00\" \/>\n<meta property=\"og:image\" content=\"https:\/\/videeco.com\/wp-content\/uploads\/2026\/01\/Hosting-Videeco.jpg\" \/>\n\t<meta property=\"og:image:width\" content=\"1024\" \/>\n\t<meta property=\"og:image:height\" content=\"768\" \/>\n\t<meta property=\"og:image:type\" content=\"image\/jpeg\" \/>\n<meta name=\"twitter:card\" content=\"summary_large_image\" \/>\n<meta name=\"twitter:label1\" content=\"Tempo di lettura stimato\" \/>\n\t<meta name=\"twitter:data1\" content=\"2 minuti\" \/>\n<script type=\"application\/ld+json\" class=\"yoast-schema-graph\">{\"@context\":\"https:\/\/schema.org\",\"@graph\":[{\"@type\":\"WebPage\",\"@id\":\"https:\/\/videeco.com\/it\/hosting-base\/\",\"url\":\"https:\/\/videeco.com\/it\/hosting-base\/\",\"name\":\"Hosting - Videeco Design\",\"isPartOf\":{\"@id\":\"https:\/\/videeco.com\/it\/#website\"},\"primaryImageOfPage\":{\"@id\":\"https:\/\/videeco.com\/it\/hosting-base\/#primaryimage\"},\"image\":{\"@id\":\"https:\/\/videeco.com\/it\/hosting-base\/#primaryimage\"},\"thumbnailUrl\":\"https:\/\/videeco.com\/wp-content\/uploads\/2026\/01\/Hosting-Videeco.jpg\",\"datePublished\":\"2018-12-10T08:16:57+00:00\",\"dateModified\":\"2026-01-09T12:26:54+00:00\",\"breadcrumb\":{\"@id\":\"https:\/\/videeco.com\/it\/hosting-base\/#breadcrumb\"},\"inLanguage\":\"it-IT\",\"potentialAction\":[{\"@type\":\"ReadAction\",\"target\":[\"https:\/\/videeco.com\/it\/hosting-base\/\"]}]},{\"@type\":\"ImageObject\",\"inLanguage\":\"it-IT\",\"@id\":\"https:\/\/videeco.com\/it\/hosting-base\/#primaryimage\",\"url\":\"https:\/\/videeco.com\/wp-content\/uploads\/2026\/01\/Hosting-Videeco.jpg\",\"contentUrl\":\"https:\/\/videeco.com\/wp-content\/uploads\/2026\/01\/Hosting-Videeco.jpg\"},{\"@type\":\"BreadcrumbList\",\"@id\":\"https:\/\/videeco.com\/it\/hosting-base\/#breadcrumb\",\"itemListElement\":[{\"@type\":\"ListItem\",\"position\":1,\"name\":\"Home\",\"item\":\"https:\/\/videeco.com\/\"},{\"@type\":\"ListItem\",\"position\":2,\"name\":\"Hosting\"}]},{\"@type\":\"WebSite\",\"@id\":\"https:\/\/videeco.com\/it\/#website\",\"url\":\"https:\/\/videeco.com\/it\/\",\"name\":\"Videeco Design\",\"description\":\"Visual | Design | Communication\",\"publisher\":{\"@id\":\"https:\/\/videeco.com\/it\/#organization\"},\"potentialAction\":[{\"@type\":\"SearchAction\",\"target\":{\"@type\":\"EntryPoint\",\"urlTemplate\":\"https:\/\/videeco.com\/it\/?s={search_term_string}\"},\"query-input\":{\"@type\":\"PropertyValueSpecification\",\"valueRequired\":true,\"valueName\":\"search_term_string\"}}],\"inLanguage\":\"it-IT\"},{\"@type\":\"Organization\",\"@id\":\"https:\/\/videeco.com\/it\/#organization\",\"name\":\"Videeco Di Perazza Niccolo'\",\"url\":\"https:\/\/videeco.com\/it\/\",\"logo\":{\"@type\":\"ImageObject\",\"inLanguage\":\"it-IT\",\"@id\":\"https:\/\/videeco.com\/it\/#\/schema\/logo\/image\/\",\"url\":\"https:\/\/videeco.com\/wp-content\/uploads\/2021\/05\/logo.svg\",\"contentUrl\":\"https:\/\/videeco.com\/wp-content\/uploads\/2021\/05\/logo.svg\",\"caption\":\"Videeco Di Perazza Niccolo'\"},\"image\":{\"@id\":\"https:\/\/videeco.com\/it\/#\/schema\/logo\/image\/\"},\"sameAs\":[\"https:\/\/facebook.com\/videeco\"]}]}<\/script>\n<!-- \/ Yoast SEO plugin. -->","yoast_head_json":{"title":"Hosting - Videeco Design","robots":{"index":"index","follow":"follow","max-snippet":"max-snippet:-1","max-image-preview":"max-image-preview:large","max-video-preview":"max-video-preview:-1"},"canonical":"https:\/\/videeco.com\/it\/hosting-base\/","og_locale":"it_IT","og_type":"article","og_title":"Hosting - Videeco Design","og_description":"Termini e condizioni: Ricordiamo qui i Termini e Condizioni che si vanno a sottoscrivere accettando il servizio, le stesse sono [&hellip;]","og_url":"https:\/\/videeco.com\/it\/hosting-base\/","og_site_name":"Videeco Design","article_publisher":"https:\/\/facebook.com\/videeco","article_modified_time":"2026-01-09T12:26:54+00:00","og_image":[{"width":1024,"height":768,"url":"https:\/\/videeco.com\/wp-content\/uploads\/2026\/01\/Hosting-Videeco.jpg","type":"image\/jpeg"}],"twitter_card":"summary_large_image","twitter_misc":{"Tempo di lettura stimato":"2 minuti"},"schema":{"@context":"https:\/\/schema.org","@graph":[{"@type":"WebPage","@id":"https:\/\/videeco.com\/it\/hosting-base\/","url":"https:\/\/videeco.com\/it\/hosting-base\/","name":"Hosting - Videeco Design","isPartOf":{"@id":"https:\/\/videeco.com\/it\/#website"},"primaryImageOfPage":{"@id":"https:\/\/videeco.com\/it\/hosting-base\/#primaryimage"},"image":{"@id":"https:\/\/videeco.com\/it\/hosting-base\/#primaryimage"},"thumbnailUrl":"https:\/\/videeco.com\/wp-content\/uploads\/2026\/01\/Hosting-Videeco.jpg","datePublished":"2018-12-10T08:16:57+00:00","dateModified":"2026-01-09T12:26:54+00:00","breadcrumb":{"@id":"https:\/\/videeco.com\/it\/hosting-base\/#breadcrumb"},"inLanguage":"it-IT","potentialAction":[{"@type":"ReadAction","target":["https:\/\/videeco.com\/it\/hosting-base\/"]}]},{"@type":"ImageObject","inLanguage":"it-IT","@id":"https:\/\/videeco.com\/it\/hosting-base\/#primaryimage","url":"https:\/\/videeco.com\/wp-content\/uploads\/2026\/01\/Hosting-Videeco.jpg","contentUrl":"https:\/\/videeco.com\/wp-content\/uploads\/2026\/01\/Hosting-Videeco.jpg"},{"@type":"BreadcrumbList","@id":"https:\/\/videeco.com\/it\/hosting-base\/#breadcrumb","itemListElement":[{"@type":"ListItem","position":1,"name":"Home","item":"https:\/\/videeco.com\/"},{"@type":"ListItem","position":2,"name":"Hosting"}]},{"@type":"WebSite","@id":"https:\/\/videeco.com\/it\/#website","url":"https:\/\/videeco.com\/it\/","name":"Videeco Design","description":"Visual | Design | Communication","publisher":{"@id":"https:\/\/videeco.com\/it\/#organization"},"potentialAction":[{"@type":"SearchAction","target":{"@type":"EntryPoint","urlTemplate":"https:\/\/videeco.com\/it\/?s={search_term_string}"},"query-input":{"@type":"PropertyValueSpecification","valueRequired":true,"valueName":"search_term_string"}}],"inLanguage":"it-IT"},{"@type":"Organization","@id":"https:\/\/videeco.com\/it\/#organization","name":"Videeco Di Perazza Niccolo'","url":"https:\/\/videeco.com\/it\/","logo":{"@type":"ImageObject","inLanguage":"it-IT","@id":"https:\/\/videeco.com\/it\/#\/schema\/logo\/image\/","url":"https:\/\/videeco.com\/wp-content\/uploads\/2021\/05\/logo.svg","contentUrl":"https:\/\/videeco.com\/wp-content\/uploads\/2021\/05\/logo.svg","caption":"Videeco Di Perazza Niccolo'"},"image":{"@id":"https:\/\/videeco.com\/it\/#\/schema\/logo\/image\/"},"sameAs":["https:\/\/facebook.com\/videeco"]}]}},"_links":{"self":[{"href":"https:\/\/videeco.com\/it\/wp-json\/wp\/v2\/pages\/1918","targetHints":{"allow":["GET"]}}],"collection":[{"href":"https:\/\/videeco.com\/it\/wp-json\/wp\/v2\/pages"}],"about":[{"href":"https:\/\/videeco.com\/it\/wp-json\/wp\/v2\/types\/page"}],"author":[{"embeddable":true,"href":"https:\/\/videeco.com\/it\/wp-json\/wp\/v2\/users\/1"}],"replies":[{"embeddable":true,"href":"https:\/\/videeco.com\/it\/wp-json\/wp\/v2\/comments?post=1918"}],"version-history":[{"count":8,"href":"https:\/\/videeco.com\/it\/wp-json\/wp\/v2\/pages\/1918\/revisions"}],"predecessor-version":[{"id":3159,"href":"https:\/\/videeco.com\/it\/wp-json\/wp\/v2\/pages\/1918\/revisions\/3159"}],"wp:attachment":[{"href":"https:\/\/videeco.com\/it\/wp-json\/wp\/v2\/media?parent=1918"}],"curies":[{"name":"wp","href":"https:\/\/api.w.org\/{rel}","templated":true}]}}